{"id":33,"date":"2024-02-27T23:50:06","date_gmt":"2024-02-28T02:50:06","guid":{"rendered":"https:\/\/institutoinglesdetalca.cl\/?page_id=33"},"modified":"2024-03-04T18:30:30","modified_gmt":"2024-03-04T21:30:30","slug":"ex-alumnos","status":"publish","type":"page","link":"https:\/\/institutoinglesdetalca.cl\/index.php\/ex-alumnos\/","title":{"rendered":"Ex alumnos"},"content":{"rendered":"\t\t<div data-elementor-type=\"wp-page\" data-elementor-id=\"33\" class=\"elementor elementor-33\" data-elementor-post-type=\"page\">\n\t\t\t\t<div class=\"elementor-element elementor-element-6587431 e-flex e-con-boxed e-con e-parent\" data-id=\"6587431\" data-element_type=\"container\" data-settings=\"{&quot;content_width&quot;:&quot;boxed&quot;}\" data-core-v316-plus=\"true\">\n\t\t\t\t\t<div class=\"e-con-inner\">\n\t\t<div class=\"elementor-element elementor-element-77c96c3 e-flex e-con-boxed e-con e-child\" data-id=\"77c96c3\" data-element_type=\"container\" data-settings=\"{&quot;content_width&quot;:&quot;boxed&quot;}\">\n\t\t\t\t\t<div class=\"e-con-inner\">\n\t\t\t\t<div class=\"elementor-element elementor-element-55a2087 elementor-widget elementor-widget-image\" data-id=\"55a2087\" data-element_type=\"widget\" data-widget_type=\"image.default\">\n\t\t\t\t<div class=\"elementor-widget-container\">\n\t\t\t<style>\/*! elementor - v3.19.0 - 28-02-2024 *\/\n.elementor-widget-image{text-align:center}.elementor-widget-image a{display:inline-block}.elementor-widget-image a img[src$=\".svg\"]{width:48px}.elementor-widget-image img{vertical-align:middle;display:inline-block}<\/style>\t\t\t\t\t\t\t\t\t\t<img decoding=\"async\" width=\"180\" height=\"180\" src=\"https:\/\/institutoinglesdetalca.cl\/wp-content\/uploads\/2024\/02\/1-180x180.png\" class=\"attachment-thumbnail size-thumbnail wp-image-268\" alt=\"\" \/>\t\t\t\t\t\t\t\t\t\t\t\t\t<\/div>\n\t\t\t\t<\/div>\n\t\t\t\t<div class=\"elementor-element elementor-element-862d5db elementor-widget elementor-widget-text-editor\" data-id=\"862d5db\" data-element_type=\"widget\" data-widget_type=\"text-editor.default\">\n\t\t\t\t<div class=\"elementor-widget-container\">\n\t\t\t<style>\/*! elementor - v3.19.0 - 28-02-2024 *\/\n.elementor-widget-text-editor.elementor-drop-cap-view-stacked .elementor-drop-cap{background-color:#69727d;color:#fff}.elementor-widget-text-editor.elementor-drop-cap-view-framed .elementor-drop-cap{color:#69727d;border:3px solid;background-color:transparent}.elementor-widget-text-editor:not(.elementor-drop-cap-view-default) .elementor-drop-cap{margin-top:8px}.elementor-widget-text-editor:not(.elementor-drop-cap-view-default) .elementor-drop-cap-letter{width:1em;height:1em}.elementor-widget-text-editor .elementor-drop-cap{float:left;text-align:center;line-height:1;font-size:50px}.elementor-widget-text-editor .elementor-drop-cap-letter{display:inline-block}<\/style>\t\t\t\t<p>&#8220;Ingres\u00e9 al Instituto el a\u00f1o 2017. Los profesores son excelentes, dedicados y abiertos para recibir preguntas y preocupados de la fon\u00e9tica y de la utilizaci\u00f3n correcta de las palabras. Gracias al curso que realic\u00e9 con Miss Mercedes, pude hacer un intercambio en Francia, lo que ayud\u00f3 al contacto que ten\u00eda all\u00e1 ya que me complementaba muy bien con el ingl\u00e9s, lo que me ayud\u00f3 a comunicarme con facilidad. Saber ingl\u00e9s es fundamental, es el idioma universal. Necesitas saber ingl\u00e9s para poder comunicarte en otras regiones, con otras culturas y otras personas.&#8221;<\/p><p><b>Javiera Pe\u00f1ailillo<\/b><\/p>\t\t\t\t\t\t<\/div>\n\t\t\t\t<\/div>\n\t\t\t\t\t<\/div>\n\t\t\t\t<\/div>\n\t\t<div class=\"elementor-element elementor-element-a21f716 e-flex e-con-boxed e-con e-child\" data-id=\"a21f716\" data-element_type=\"container\" data-settings=\"{&quot;content_width&quot;:&quot;boxed&quot;}\">\n\t\t\t\t\t<div class=\"e-con-inner\">\n\t\t\t\t<div class=\"elementor-element elementor-element-0f86539 elementor-widget elementor-widget-image\" data-id=\"0f86539\" data-element_type=\"widget\" data-widget_type=\"image.default\">\n\t\t\t\t<div class=\"elementor-widget-container\">\n\t\t\t\t\t\t\t\t\t\t\t\t\t<img decoding=\"async\" width=\"180\" height=\"180\" src=\"https:\/\/institutoinglesdetalca.cl\/wp-content\/uploads\/2024\/02\/2-180x180.png\" class=\"attachment-thumbnail size-thumbnail wp-image-269\" alt=\"\" \/>\t\t\t\t\t\t\t\t\t\t\t\t\t<\/div>\n\t\t\t\t<\/div>\n\t\t\t\t<div class=\"elementor-element elementor-element-b2f8daa elementor-widget elementor-widget-text-editor\" data-id=\"b2f8daa\" data-element_type=\"widget\" data-widget_type=\"text-editor.default\">\n\t\t\t\t<div class=\"elementor-widget-container\">\n\t\t\t\t\t\t\t<p>&#8220;Estuve en el Instituto 8 a\u00f1os aproximadamente, fue una excelente experiencia, le debo much\u00edsimo a los profesores y a todo el personal, ya que este lugar est\u00e1 lleno de conocimiento. Me ha ayudado a cumplir una de mis anheladas metas y es un pilar fundamental en mi futuro el aprender ingl\u00e9s. Considero el ingl\u00e9s como mi segundo idioma gracias al Instituto y lo agradezco a todos los a\u00f1os que estuve aqu\u00ed. Cumpli\u00f3 con todas mis expectativas e incluso m\u00e1s, porque con toda la preparaci\u00f3n que te dan a trav\u00e9s de la escritura, di\u00e1logo, reconocer y escuchar ingl\u00e9s, que me permiti\u00f3 tener un amplio conocimiento del idioma.&#8221;<\/p>\n<p><b>Renata Erbeta<\/b><\/p>\t\t\t\t\t\t<\/div>\n\t\t\t\t<\/div>\n\t\t\t\t\t<\/div>\n\t\t\t\t<\/div>\n\t\t<div class=\"elementor-element elementor-element-978ba48 e-flex e-con-boxed e-con e-child\" data-id=\"978ba48\" data-element_type=\"container\" data-settings=\"{&quot;content_width&quot;:&quot;boxed&quot;}\">\n\t\t\t\t\t<div class=\"e-con-inner\">\n\t\t\t\t<div class=\"elementor-element elementor-element-751d97b elementor-widget elementor-widget-image\" data-id=\"751d97b\" data-element_type=\"widget\" data-widget_type=\"image.default\">\n\t\t\t\t<div class=\"elementor-widget-container\">\n\t\t\t\t\t\t\t\t\t\t\t\t\t<img decoding=\"async\" width=\"180\" height=\"180\" src=\"https:\/\/institutoinglesdetalca.cl\/wp-content\/uploads\/2024\/02\/3-180x180.png\" class=\"attachment-thumbnail size-thumbnail wp-image-270\" alt=\"\" \/>\t\t\t\t\t\t\t\t\t\t\t\t\t<\/div>\n\t\t\t\t<\/div>\n\t\t\t\t<div class=\"elementor-element elementor-element-3dafc07 elementor-widget elementor-widget-text-editor\" data-id=\"3dafc07\" data-element_type=\"widget\" data-widget_type=\"text-editor.default\">\n\t\t\t\t<div class=\"elementor-widget-container\">\n\t\t\t\t\t\t\t<p>&#8220;Estuve en el Instituto 3 a\u00f1os, part\u00ed del curso m\u00e1s b\u00e1sico, y en un a\u00f1o avanc\u00e9 mucho y me empezaron a preparar para el PET y aqu\u00ed, me alentaron a hacerlo. Todo ese conocimiento me ha ayudado mucho, he tenido varios viajes fuera de Chile, ayud\u00e1ndome a desenvolverme mucho en otros pa\u00edses. Me prepararon, tambi\u00e9n, para dar el TOEFL porque era un requisito para estudiar en USA y en septiembre finalmente, me ir\u00e9.&#8221;<\/p><p><b>Vicente Fern\u00e1ndez<\/b><\/p>\t\t\t\t\t\t<\/div>\n\t\t\t\t<\/div>\n\t\t\t\t\t<\/div>\n\t\t\t\t<\/div>\n\t\t\t\t\t<\/div>\n\t\t\t\t<\/div>\n\t\t<div class=\"elementor-element elementor-element-e793c58 e-flex e-con-boxed e-con e-parent\" data-id=\"e793c58\" data-element_type=\"container\" data-settings=\"{&quot;content_width&quot;:&quot;boxed&quot;}\" data-core-v316-plus=\"true\">\n\t\t\t\t\t<div class=\"e-con-inner\">\n\t\t<div class=\"elementor-element elementor-element-9199302 e-flex e-con-boxed e-con e-child\" data-id=\"9199302\" data-element_type=\"container\" data-settings=\"{&quot;content_width&quot;:&quot;boxed&quot;}\">\n\t\t\t\t\t<div class=\"e-con-inner\">\n\t\t\t\t<div class=\"elementor-element elementor-element-1425f90 elementor-widget elementor-widget-image\" data-id=\"1425f90\" data-element_type=\"widget\" data-widget_type=\"image.default\">\n\t\t\t\t<div class=\"elementor-widget-container\">\n\t\t\t\t\t\t\t\t\t\t\t\t\t<img loading=\"lazy\" decoding=\"async\" width=\"180\" height=\"180\" src=\"https:\/\/institutoinglesdetalca.cl\/wp-content\/uploads\/2024\/02\/4-180x180.png\" class=\"attachment-thumbnail size-thumbnail wp-image-271\" alt=\"\" \/>\t\t\t\t\t\t\t\t\t\t\t\t\t<\/div>\n\t\t\t\t<\/div>\n\t\t\t\t<div class=\"elementor-element elementor-element-b4143df elementor-widget elementor-widget-text-editor\" data-id=\"b4143df\" data-element_type=\"widget\" data-widget_type=\"text-editor.default\">\n\t\t\t\t<div class=\"elementor-widget-container\">\n\t\t\t\t\t\t\t<p><span style=\"text-align: var(--text-align);\">&#8220;Me integr\u00e9 al Instituto el a\u00f1o 2018. Mi experiencia fue muy gratificante, ya que pod\u00eda ver el progreso que ten\u00eda clase a clase por medio de distintas actividades. La educaci\u00f3n del Instituto es muy completa, incluyen ejercicios de escritura, lectura, conversaciones, etc., los que me ayudaron a perder la verg\u00fcenza de intentar algo nuevo y a tener un avance incre\u00edble en el per\u00edodo de un a\u00f1o, como hablar ingl\u00e9s: una herramienta que facilita vivir en el mundo actual. &#8220;<\/span><\/p><p><b>Isidora Valencia<\/b><\/p>\t\t\t\t\t\t<\/div>\n\t\t\t\t<\/div>\n\t\t\t\t\t<\/div>\n\t\t\t\t<\/div>\n\t\t<div class=\"elementor-element elementor-element-d724c54 e-flex e-con-boxed e-con e-child\" data-id=\"d724c54\" data-element_type=\"container\" data-settings=\"{&quot;content_width&quot;:&quot;boxed&quot;}\">\n\t\t\t\t\t<div class=\"e-con-inner\">\n\t\t\t\t<div class=\"elementor-element elementor-element-6faa31c elementor-widget elementor-widget-image\" data-id=\"6faa31c\" data-element_type=\"widget\" data-widget_type=\"image.default\">\n\t\t\t\t<div class=\"elementor-widget-container\">\n\t\t\t\t\t\t\t\t\t\t\t\t\t<img loading=\"lazy\" decoding=\"async\" width=\"180\" height=\"180\" src=\"https:\/\/institutoinglesdetalca.cl\/wp-content\/uploads\/2024\/02\/5-180x180.png\" class=\"attachment-thumbnail size-thumbnail wp-image-272\" alt=\"\" \/>\t\t\t\t\t\t\t\t\t\t\t\t\t<\/div>\n\t\t\t\t<\/div>\n\t\t\t\t<div class=\"elementor-element elementor-element-1098300 elementor-widget elementor-widget-text-editor\" data-id=\"1098300\" data-element_type=\"widget\" data-widget_type=\"text-editor.default\">\n\t\t\t\t<div class=\"elementor-widget-container\">\n\t\t\t\t\t\t\t<p><span style=\"text-align: var(--text-align);\">&#8220;Estuve en el Instituto 1 a\u00f1o y medio y me fui de intercambio con todo el conocimiento que gan\u00e9 ac\u00e1. Me gustaba mucho venir a clases porque es muy did\u00e1ctico con los juegos, y le daban mucho \u00e9nfasis al escuchar y hablar. Las clases no se convert\u00edan en aburridas. Gracias a este Instituto pude irme de intercambio y me siento muy afortunada. Es muy importante saber ingl\u00e9s porque en este mundo globalizado se hace necesario para comunicarse con el resto de personas.&#8221;<\/span><\/p><p><b>Paula Rojas<\/b><\/p>\t\t\t\t\t\t<\/div>\n\t\t\t\t<\/div>\n\t\t\t\t\t<\/div>\n\t\t\t\t<\/div>\n\t\t<div class=\"elementor-element elementor-element-6d1d005 e-flex e-con-boxed e-con e-child\" data-id=\"6d1d005\" data-element_type=\"container\" data-settings=\"{&quot;content_width&quot;:&quot;boxed&quot;}\">\n\t\t\t\t\t<div class=\"e-con-inner\">\n\t\t\t\t<div class=\"elementor-element elementor-element-d90fd12 elementor-widget elementor-widget-image\" data-id=\"d90fd12\" data-element_type=\"widget\" data-widget_type=\"image.default\">\n\t\t\t\t<div class=\"elementor-widget-container\">\n\t\t\t\t\t\t\t\t\t\t\t\t\t<img loading=\"lazy\" decoding=\"async\" width=\"180\" height=\"180\" src=\"https:\/\/institutoinglesdetalca.cl\/wp-content\/uploads\/2024\/02\/6-180x180.png\" class=\"attachment-thumbnail size-thumbnail wp-image-273\" alt=\"\" \/>\t\t\t\t\t\t\t\t\t\t\t\t\t<\/div>\n\t\t\t\t<\/div>\n\t\t\t\t<div class=\"elementor-element elementor-element-eaacc95 elementor-widget elementor-widget-text-editor\" data-id=\"eaacc95\" data-element_type=\"widget\" data-widget_type=\"text-editor.default\">\n\t\t\t\t<div class=\"elementor-widget-container\">\n\t\t\t\t\t\t\t<p><span style=\"text-align: var(--text-align);\">&#8220;El a\u00f1o pasado me integr\u00e9 al Instituto. El equipo docente son muy preocupados: son muy simp\u00e1ticos, nos ayudan en todo momento, nos corrigen y comprenden el tiempo de cada uno de nosotros. Con Miss Mercedes, todas las clases tenemos repasos y ejercicios que nos va ayudando, como tambi\u00e9n la correcci\u00f3n de la pronunciaci\u00f3n hasta que podamos hacerlo bien. Este a\u00f1o ingresar\u00e9 nuevamente al Instituto, porque a\u00fan se me dificulta hablarlo, y pretendo seguir creciendo con respecto a esto.&#8221;<\/span><\/p><p><span style=\"color: #595959;\"><b>Francisca Pe\u00f1ailillo<\/b><\/span><\/p>\t\t\t\t\t\t<\/div>\n\t\t\t\t<\/div>\n\t\t\t\t\t<\/div>\n\t\t\t\t<\/div>\n\t\t\t\t\t<\/div>\n\t\t\t\t<\/div>\n\t\t<div class=\"elementor-element elementor-element-f313567 e-flex e-con-boxed e-con e-parent\" data-id=\"f313567\" data-element_type=\"container\" data-settings=\"{&quot;content_width&quot;:&quot;boxed&quot;}\" data-core-v316-plus=\"true\">\n\t\t\t\t\t<div class=\"e-con-inner\">\n\t\t<div class=\"elementor-element elementor-element-94139b4 e-flex e-con-boxed e-con e-child\" data-id=\"94139b4\" data-element_type=\"container\" data-settings=\"{&quot;content_width&quot;:&quot;boxed&quot;}\">\n\t\t\t\t\t<div class=\"e-con-inner\">\n\t\t\t\t<div class=\"elementor-element elementor-element-7a66479 elementor-widget elementor-widget-image\" data-id=\"7a66479\" data-element_type=\"widget\" data-widget_type=\"image.default\">\n\t\t\t\t<div class=\"elementor-widget-container\">\n\t\t\t\t\t\t\t\t\t\t\t\t\t<img loading=\"lazy\" decoding=\"async\" width=\"180\" height=\"180\" src=\"https:\/\/institutoinglesdetalca.cl\/wp-content\/uploads\/2024\/02\/7-180x180.png\" class=\"attachment-thumbnail size-thumbnail wp-image-274\" alt=\"\" \/>\t\t\t\t\t\t\t\t\t\t\t\t\t<\/div>\n\t\t\t\t<\/div>\n\t\t\t\t<div class=\"elementor-element elementor-element-a2cfe41 elementor-widget elementor-widget-text-editor\" data-id=\"a2cfe41\" data-element_type=\"widget\" data-widget_type=\"text-editor.default\">\n\t\t\t\t<div class=\"elementor-widget-container\">\n\t\t\t\t\t\t\t<p><span style=\"text-align: var(--text-align);\">&#8220;Estuve en este Instituto durante 2 a\u00f1os y realmente fue una experiencia muy bonita. Llegu\u00e9 sin esperar mucho; pensaba que sab\u00eda mucho ingl\u00e9s, lo suficiente para irme a cualquier parte y hablar como nativo, pero ac\u00e1, mediante los diversos m\u00e9todos que utilizan: Leer, escribir, escuchar y comprender, me di cuenta de todas mis falencias. Mediante un constante trabajo y mucha pr\u00e1ctica con la ayuda de los profesores, mis capacidades mejoraron mucho, incluso, pude irme a un intercambio en Alemania y mi ingl\u00e9s era mucho mejor que mis propios compa\u00f1eros. Agradezco mucho haber estado en el Instituto.&#8221;<\/span><\/p><p><b>Fernando Pe\u00f1ailillo<\/b><\/p>\t\t\t\t\t\t<\/div>\n\t\t\t\t<\/div>\n\t\t\t\t\t<\/div>\n\t\t\t\t<\/div>\n\t\t<div class=\"elementor-element elementor-element-199e2ef e-flex e-con-boxed e-con e-child\" data-id=\"199e2ef\" data-element_type=\"container\" data-settings=\"{&quot;content_width&quot;:&quot;boxed&quot;}\">\n\t\t\t\t\t<div class=\"e-con-inner\">\n\t\t\t\t<div class=\"elementor-element elementor-element-a940cfa elementor-widget elementor-widget-image\" data-id=\"a940cfa\" data-element_type=\"widget\" data-widget_type=\"image.default\">\n\t\t\t\t<div class=\"elementor-widget-container\">\n\t\t\t\t\t\t\t\t\t\t\t\t\t<img loading=\"lazy\" decoding=\"async\" width=\"180\" height=\"180\" src=\"https:\/\/institutoinglesdetalca.cl\/wp-content\/uploads\/2024\/02\/8-180x180.png\" class=\"attachment-thumbnail size-thumbnail wp-image-282\" alt=\"\" \/>\t\t\t\t\t\t\t\t\t\t\t\t\t<\/div>\n\t\t\t\t<\/div>\n\t\t\t\t<div class=\"elementor-element elementor-element-08feb23 elementor-widget elementor-widget-text-editor\" data-id=\"08feb23\" data-element_type=\"widget\" data-widget_type=\"text-editor.default\">\n\t\t\t\t<div class=\"elementor-widget-container\">\n\t\t\t\t\t\t\t<p><span style=\"text-align: var(--text-align);\">&#8220;Mi experiencia no pudo ser mejor. No solo aprend\u00ed ingl\u00e9s, sino que, tambi\u00e9n, tuve una lecci\u00f3n de vida ac\u00e1. Durante los 3 a\u00f1os que estuve, me hicieron sentir confianza en mi misma con respecto al ingl\u00e9s, de hecho, cambiaron mi visi\u00f3n con respecto a aprender otro idioma, porque no ten\u00eda inter\u00e9s y ellos me lo crearon. Cuando lo aprendes, ya no lo ves como algo que solo debes memorizar y te abre la mente, y se convierte en una segunda piel, tal como el espa\u00f1ol. Recomiendo much\u00edsimo estudiar ac\u00e1 en base a mi experiencia, puede parecer aburrido, pero cuando uno empieza a entender el ingl\u00e9s, comienza a ser divertido.&#8221;<\/span><\/p><p><b>Antonia Mora<\/b><\/p>\t\t\t\t\t\t<\/div>\n\t\t\t\t<\/div>\n\t\t\t\t\t<\/div>\n\t\t\t\t<\/div>\n\t\t<div class=\"elementor-element elementor-element-06159d1 e-flex e-con-boxed e-con e-child\" data-id=\"06159d1\" data-element_type=\"container\" data-settings=\"{&quot;content_width&quot;:&quot;boxed&quot;}\">\n\t\t\t\t\t<div class=\"e-con-inner\">\n\t\t\t\t\t<\/div>\n\t\t\t\t<\/div>\n\t\t\t\t\t<\/div>\n\t\t\t\t<\/div>\n\t\t\t\t<\/div>\n\t\t","protected":false},"excerpt":{"rendered":"<p>&#8220;Ingres\u00e9 al Instituto el a\u00f1o 2017. Los profesores son excelentes, dedicados y abiertos para recibir preguntas y preocupados de la [&hellip;]<\/p>\n","protected":false},"author":1,"featured_media":0,"parent":0,"menu_order":0,"comment_status":"closed","ping_status":"closed","template":"","meta":{"footnotes":""},"class_list":["post-33","page","type-page","status-publish","hentry"],"_links":{"self":[{"href":"https:\/\/institutoinglesdetalca.cl\/index.php\/wp-json\/wp\/v2\/pages\/33","targetHints":{"allow":["GET"]}}],"collection":[{"href":"https:\/\/institutoinglesdetalca.cl\/index.php\/wp-json\/wp\/v2\/pages"}],"about":[{"href":"https:\/\/institutoinglesdetalca.cl\/index.php\/wp-json\/wp\/v2\/types\/page"}],"author":[{"embeddable":true,"href":"https:\/\/institutoinglesdetalca.cl\/index.php\/wp-json\/wp\/v2\/users\/1"}],"replies":[{"embeddable":true,"href":"https:\/\/institutoinglesdetalca.cl\/index.php\/wp-json\/wp\/v2\/comments?post=33"}],"version-history":[{"count":16,"href":"https:\/\/institutoinglesdetalca.cl\/index.php\/wp-json\/wp\/v2\/pages\/33\/revisions"}],"predecessor-version":[{"id":293,"href":"https:\/\/institutoinglesdetalca.cl\/index.php\/wp-json\/wp\/v2\/pages\/33\/revisions\/293"}],"wp:attachment":[{"href":"https:\/\/institutoinglesdetalca.cl\/index.php\/wp-json\/wp\/v2\/media?parent=33"}],"curies":[{"name":"wp","href":"https:\/\/api.w.org\/{rel}","templated":true}]}}